{"id":17027,"date":"2018-03-15T08:41:52","date_gmt":"2018-03-15T08:41:52","guid":{"rendered":"https:\/\/www.hsmc.ae\/footer\/"},"modified":"2026-03-23T15:21:21","modified_gmt":"2026-03-23T11:21:21","slug":"footer","status":"publish","type":"page","link":"https:\/\/www.hsmc.ae\/es\/footer\/","title":{"rendered":"Footer"},"content":{"rendered":"<section id=\"bt_section69f2b2584625a\"  class=\"boldSection topExtraSmallSpaced bottomExtraSmallSpaced btDarkSkin gutter inherit\" style=\"background-color:#51565b;\"><div class=\"port\"><div class=\"boldCell\"><div class=\"boldCellInner\"><div class=\"boldRow  \" style=\"margin-left: -45px; margin-right: -45px;\"><div class=\"boldRowInner\"><div class=\"rowItem col-md-4 col-ms-12 btTextCenter inherit btDoublePadding\"  ><div class=\"rowItemContent\" ><div class=\"btClear btSeparator bottomSemiSpaced noBorder\" ><hr><\/div><header class=\"header btClear medium btDash bottomDash  btAlternateDash\" ><div class=\"dash\"><h3><span class=\"headline\">Enlaces r\u00e1pidos<\/span><\/h3><\/div><\/header><div class=\"btClear btSeparator noBorder\" ><hr><\/div><div class=\"btIconImageRow btIconsNormalPosition bt_bb_hidden_xs bt_bb_hidden_ms\" ><span class=\"btIco btIcoDefaultType btIcoSmallSize btIcoDefaultColor   \" ><a href=\"https:\/\/www.linkedin.com\/company\/harley-street-medical-centre\"  target = \"_blank\" data-ico-fa=\"&#xf0e1;\" class=\"btIcoHolder\"><em><\/em><\/a><\/span><span class=\"btIco btIcoDefaultType btIcoSmallSize btIcoDefaultColor   \" ><a href=\"https:\/\/www.facebook.com\/HarleyStreetMedicalCenter\/\"  target = \"_blank\" data-ico-fa=\"&#xf09a;\" class=\"btIcoHolder\"><em><\/em><\/a><\/span><span class=\"btIco btIcoDefaultType btIcoSmallSize btIcoDefaultColor   \" ><a href=\"https:\/\/www.instagram.com\/harleystreetmedicalcentre\/\"  target = \"_blank\" data-ico-fa=\"&#xf16d;\" class=\"btIcoHolder\"><em><\/em><\/a><\/span><span class=\"btIco btIcoDefaultType btIcoSmallSize btIcoDefaultColor   \" ><a href=\"https:\/\/www.youtube.com\/channel\/UCKyL_Q0O0htprx1SB0tqqCA\"  target = \"_blank\" data-ico-fa=\"&#xf16a;\" class=\"btIcoHolder\"><em><\/em><\/a><\/span><span class=\"btIco btIcoDefaultType btIcoSmallSize btIcoDefaultColor   \" ><a href=\"https:\/\/g.page\/r\/CaMzqJWYfnr_EB0\/review\"  target = \"_blank\" data-ico-fa=\"&#xf1a0;\" class=\"btIcoHolder\"><em><\/em><\/a><\/span><\/div><div class=\"btClear btSeparator bottomExtraSmallSpaced border\" ><hr><\/div><div class=\"btClear btSeparator topExtraSmallSpaced bottomSemiSpaced noBorder\" ><hr><\/div><div class=\"btText\" ><\/p>\n<p>\n<img decoding=\"async\" class=\"alignnone wp-image-13364 lazyload\" data-src=\"https:\/\/www.hsmc.ae\/wp-content\/uploads\/2023\/03\/Harley-Street-Abu-Dhabi-JCI.png\" alt=\"Harley Street Abu Dhabi JCI\" width=\"100\" height=\"100\" data-srcset=\"https:\/\/www.hsmc.ae\/wp-content\/uploads\/2023\/03\/Harley-Street-Abu-Dhabi-JCI.png 200w, https:\/\/www.hsmc.ae\/wp-content\/uploads\/2023\/03\/Harley-Street-Abu-Dhabi-JCI-160x160.png 160w\" data-sizes=\"(max-width: 100px) 100vw, 100px\" src=\"data:image\/svg+xml;base64,PHN2ZyB3aWR0aD0iMSIgaGVpZ2h0PSIxIiB4bWxucz0iaHR0cDovL3d3dy53My5vcmcvMjAwMC9zdmciPjwvc3ZnPg==\" style=\"--smush-placeholder-width: 100px; --smush-placeholder-aspect-ratio: 100\/100;\" \/><\/p>\n<p>\n<\/div><div class=\"btClear btSeparator topExtraSmallSpaced bottomSemiSpaced noBorder\" ><hr><\/div><\/div><\/div><div class=\"rowItem btRightBorder col-md-4 col-ms-12 btTextCenter inherit btDoublePadding\"  ><div class=\"rowItemContent\" ><div class=\"boldRow boldInnerRow mysection \" ><div class=\"rowItem rowInnerItem col-md-12  btTextCenter inherit\"  ><div class=\"rowItemContent\"><div class=\"btClear btSeparator bottomSemiSpaced noBorder\" ><hr><\/div><header class=\"header btClear medium btDash bottomDash  btAlternateDash\" ><div class=\"dash\"><h3><span class=\"headline\">Horario de apertura<\/span><\/h3><\/div><\/header><div class=\"btClear btSeparator bottomExtraSmallSpaced noBorder\" ><hr><\/div><div class=\"btText\" ><\/p>\n<p><strong>Lunes a Sabado<\/strong><br \/>8:00 am &#8211; 8:00 pm<\/p>\n<div class=\"x_elementToProof\" data-ogsc=\"rgb(0, 0, 0)\"><strong>Domingo<\/strong><\/div>\n<div data-ogsc=\"rgb(0, 0, 0)\">8:00 am &#8211; 6:00 pm<\/div>\n<div class=\"x_elementToProof\" data-ogsc=\"rgb(0, 0, 0)\">Consulta de medico de familia (GP)<br \/>Fisioterapia<br \/>Cl\u00ednica dental<\/div>\n<p>\n<\/div><div class=\"btClear btSeparator topSmallSpaced bottomExtraSmallSpaced border bt_bb_hidden_sm bt_bb_hidden_md bt_bb_hidden_lg\" ><hr><\/div><div class=\"btIconImageRow btIconsNormalPosition bt_bb_hidden_sm bt_bb_hidden_md bt_bb_hidden_lg\" ><span class=\"btIco btIcoDefaultType btIcoSmallSize btIcoDefaultColor   \" ><a href=\"https:\/\/www.linkedin.com\/company\/harley-street-medical-centre\"  target = \"_blank\" data-ico-fa=\"&#xf0e1;\" class=\"btIcoHolder\"><em><\/em><\/a><\/span><span class=\"btIco btIcoDefaultType btIcoSmallSize btIcoDefaultColor   \" ><a href=\"https:\/\/www.facebook.com\/HarleyStreetMedicalCenter\/\"  target = \"_blank\" data-ico-fa=\"&#xf09a;\" class=\"btIcoHolder\"><em><\/em><\/a><\/span><span class=\"btIco btIcoDefaultType btIcoSmallSize btIcoDefaultColor   \" ><a href=\"https:\/\/www.instagram.com\/harleystreetmedicalcentre\/\"  target = \"_blank\" data-ico-fa=\"&#xf16d;\" class=\"btIcoHolder\"><em><\/em><\/a><\/span><span class=\"btIco btIcoDefaultType btIcoSmallSize btIcoDefaultColor   \" ><a href=\"https:\/\/twitter.com\/hsmcabudhabi\"  target = \"_blank\" data-ico-fa=\"&#xf099;\" class=\"btIcoHolder\"><em><\/em><\/a><\/span><span class=\"btIco btIcoDefaultType btIcoSmallSize btIcoDefaultColor   \" ><a href=\"https:\/\/www.youtube.com\/channel\/UCKyL_Q0O0htprx1SB0tqqCA\"  target = \"_blank\" data-ico-fa=\"&#xf16a;\" class=\"btIcoHolder\"><em><\/em><\/a><\/span><span class=\"btIco btIcoDefaultType btIcoSmallSize btIcoDefaultColor   \" ><a href=\"https:\/\/g.page\/r\/CaMzqJWYfnr_EB0\/review\"  target = \"_blank\" data-ico-fa=\"&#xf1a0;\" class=\"btIcoHolder\"><em><\/em><\/a><\/span><\/div><\/div><\/div><\/div><div class=\"btClear btSeparator bottomSmallSpaced noBorder\" ><hr><\/div><\/div><\/div><div class=\"rowItem col-md-4 col-ms-12 btTextLeft inherit btDoublePadding\"  ><div class=\"rowItemContent\" ><div class=\"btClear btSeparator bottomSemiSpaced noBorder\" ><hr><\/div><header class=\"header btClear medium btDash bottomDash  btAlternateDash\" ><div class=\"dash\"><h3><span class=\"headline\">Suscribirse<\/span><\/h3><\/div><\/header><div class=\"btClear btSeparator noBorder\" ><hr><\/div><div class=\"btText\" ><\/p>\n<p>\nReg\u00edstrese con su n\u00famero de tel\u00e9fono m\u00f3vil para ser el primero en enterarse de nuestras \u00faltimas ofertas y descuentos.<\/p>\n<p>\n<\/div><div class=\"btClear btSeparator bottomSmallSpaced noBorder\" ><hr><\/div><div class=\"btText\" ><\/p>\n<div class=\"wpcf7 no-js\" id=\"wpcf7-f17046-o1\" lang=\"en-US\" dir=\"ltr\" data-wpcf7-id=\"17046\">\n<div class=\"screen-reader-response\">\n<p role=\"status\" aria-live=\"polite\" aria-atomic=\"true\">\n<ul><\/ul>\n<\/div>\n<form action=\"\/es\/wp-json\/wp\/v2\/pages\/17027#wpcf7-f17046-o1\" method=\"post\" class=\"wpcf7-form init\" aria-label=\"Contact form\" novalidate=\"novalidate\" data-status=\"init\">\n<fieldset class=\"hidden-fields-container\"><input type=\"hidden\" name=\"_wpcf7\" value=\"17046\" \/><input type=\"hidden\" name=\"_wpcf7_version\" value=\"6.1.5\" \/><input type=\"hidden\" name=\"_wpcf7_locale\" value=\"en_US\" \/><input type=\"hidden\" name=\"_wpcf7_unit_tag\" value=\"wpcf7-f17046-o1\" \/><input type=\"hidden\" name=\"_wpcf7_container_post\" value=\"0\" \/><input type=\"hidden\" name=\"_wpcf7_posted_data_hash\" value=\"\" \/><input type=\"hidden\" name=\"_wpcf7_recaptcha_response\" value=\"\" \/><br \/>\n<\/fieldset>\n<div class=\"btFooterSubscribe btAlternateSubmit\">\n<p><span class=\"wpcf7-form-control-wrap\" data-name=\"your-number\"><input size=\"40\" maxlength=\"400\" class=\"wpcf7-form-control wpcf7-text wpcf7-validates-as-required\" aria-required=\"true\" aria-invalid=\"false\" placeholder=\"Escribe tu n\u00famero de m\u00f3vil\" value=\"\" type=\"text\" name=\"your-number\" \/><\/span><br \/>\n<span class=\"wpcf7-form-control-wrap g-recaptcha-response\"><span class=\"wpcf7-form-control\">  <\/span><\/span><br \/>\n<input class=\"wpcf7-form-control wpcf7-submit has-spinner\" type=\"submit\" value=\"Suscribirse\" \/>\n\t<\/p>\n<\/div>\n<p><input type='hidden' class='wpcf7-pum' value='{\"closepopup\":false,\"closedelay\":0,\"openpopup\":false,\"openpopup_id\":0}' \/><\/p>\n<div class=\"wpcf7-response-output\" aria-hidden=\"true\"><\/div>\n<\/form>\n<\/div>\n<p>\n<\/div><div class=\"btClear btSeparator bottomExtraSmallSpaced noBorder\" ><hr><\/div><\/div><\/div><\/div><\/div><\/div><\/div><\/div><\/section>\n","protected":false},"excerpt":{"rendered":"","protected":false},"author":1,"featured_media":0,"parent":0,"menu_order":0,"comment_status":"closed","ping_status":"closed","template":"","meta":{"_joinchat":[],"footnotes":""},"class_list":["post-17027","page","type-page","status-publish","hentry"],"yoast_head":"<!-- This site is optimized with the Yoast SEO plugin v27.4 - https:\/\/yoast.com\/product\/yoast-seo-wordpress\/ -->\n<title>Footer | Harley Street Medical Centre<\/title>\n<meta name=\"robots\" content=\"index, follow, max-snippet:-1, max-image-preview:large, max-video-preview:-1\" \/>\n<link rel=\"canonical\" href=\"https:\/\/www.hsmc.ae\/es\/footer\/\" \/>\n<meta property=\"og:locale\" content=\"es_ES\" \/>\n<meta property=\"og:type\" content=\"article\" \/>\n<meta property=\"og:title\" content=\"Footer | Harley Street Medical Centre\" \/>\n<meta property=\"og:url\" content=\"https:\/\/www.hsmc.ae\/es\/footer\/\" \/>\n<meta property=\"og:site_name\" content=\"Harley Street Medical Centre\" \/>\n<meta property=\"article:publisher\" content=\"https:\/\/www.facebook.com\/HarleyStreetMedicalCenter\/\" \/>\n<meta property=\"article:modified_time\" content=\"2026-03-23T11:21:21+00:00\" \/>\n<meta property=\"og:image\" content=\"https:\/\/www.hsmc.ae\/wp-content\/uploads\/2023\/03\/Harley-Street-Abu-Dhabi-JCI.png\" \/>\n\t<meta property=\"og:image:width\" content=\"200\" \/>\n\t<meta property=\"og:image:height\" content=\"200\" \/>\n\t<meta property=\"og:image:type\" content=\"image\/png\" \/>\n<meta name=\"twitter:card\" content=\"summary_large_image\" \/>\n<meta name=\"twitter:site\" content=\"@hsmcabudhabi\" \/>\n<meta name=\"twitter:label1\" content=\"Tiempo de lectura\" \/>\n\t<meta name=\"twitter:data1\" content=\"1 minuto\" \/>\n<script type=\"application\/ld+json\" class=\"yoast-schema-graph\">{\"@context\":\"https:\\\/\\\/schema.org\",\"@graph\":[{\"@type\":\"WebPage\",\"@id\":\"https:\\\/\\\/www.hsmc.ae\\\/es\\\/footer\\\/\",\"url\":\"https:\\\/\\\/www.hsmc.ae\\\/es\\\/footer\\\/\",\"name\":\"Footer | Harley Street Medical Centre\",\"isPartOf\":{\"@id\":\"https:\\\/\\\/www.hsmc.ae\\\/es\\\/#website\"},\"primaryImageOfPage\":{\"@id\":\"https:\\\/\\\/www.hsmc.ae\\\/es\\\/footer\\\/#primaryimage\"},\"image\":{\"@id\":\"https:\\\/\\\/www.hsmc.ae\\\/es\\\/footer\\\/#primaryimage\"},\"thumbnailUrl\":\"https:\\\/\\\/www.hsmc.ae\\\/wp-content\\\/uploads\\\/2023\\\/03\\\/Harley-Street-Abu-Dhabi-JCI.png\",\"datePublished\":\"2018-03-15T08:41:52+00:00\",\"dateModified\":\"2026-03-23T11:21:21+00:00\",\"breadcrumb\":{\"@id\":\"https:\\\/\\\/www.hsmc.ae\\\/es\\\/footer\\\/#breadcrumb\"},\"inLanguage\":\"es\",\"potentialAction\":[{\"@type\":\"ReadAction\",\"target\":[\"https:\\\/\\\/www.hsmc.ae\\\/es\\\/footer\\\/\"]}]},{\"@type\":\"ImageObject\",\"inLanguage\":\"es\",\"@id\":\"https:\\\/\\\/www.hsmc.ae\\\/es\\\/footer\\\/#primaryimage\",\"url\":\"https:\\\/\\\/www.hsmc.ae\\\/wp-content\\\/uploads\\\/2023\\\/03\\\/Harley-Street-Abu-Dhabi-JCI.png\",\"contentUrl\":\"https:\\\/\\\/www.hsmc.ae\\\/wp-content\\\/uploads\\\/2023\\\/03\\\/Harley-Street-Abu-Dhabi-JCI.png\"},{\"@type\":\"BreadcrumbList\",\"@id\":\"https:\\\/\\\/www.hsmc.ae\\\/es\\\/footer\\\/#breadcrumb\",\"itemListElement\":[{\"@type\":\"ListItem\",\"position\":1,\"name\":\"Home\",\"item\":\"https:\\\/\\\/www.hsmc.ae\\\/es\\\/\"},{\"@type\":\"ListItem\",\"position\":2,\"name\":\"Footer\"}]},{\"@type\":\"WebSite\",\"@id\":\"https:\\\/\\\/www.hsmc.ae\\\/es\\\/#website\",\"url\":\"https:\\\/\\\/www.hsmc.ae\\\/es\\\/\",\"name\":\"Harley Street Medical Centre\",\"description\":\"The Name You Know. The Doctors You Trust.\",\"publisher\":{\"@id\":\"https:\\\/\\\/www.hsmc.ae\\\/es\\\/#organization\"},\"potentialAction\":[{\"@type\":\"SearchAction\",\"target\":{\"@type\":\"EntryPoint\",\"urlTemplate\":\"https:\\\/\\\/www.hsmc.ae\\\/es\\\/?s={search_term_string}\"},\"query-input\":{\"@type\":\"PropertyValueSpecification\",\"valueRequired\":true,\"valueName\":\"search_term_string\"}}],\"inLanguage\":\"es\"},{\"@type\":\"Organization\",\"@id\":\"https:\\\/\\\/www.hsmc.ae\\\/es\\\/#organization\",\"name\":\"Harley Street Medical Centre\",\"url\":\"https:\\\/\\\/www.hsmc.ae\\\/es\\\/\",\"logo\":{\"@type\":\"ImageObject\",\"inLanguage\":\"es\",\"@id\":\"https:\\\/\\\/www.hsmc.ae\\\/es\\\/#\\\/schema\\\/logo\\\/image\\\/\",\"url\":\"https:\\\/\\\/www.hsmc.ae\\\/wp-content\\\/uploads\\\/2020\\\/01\\\/hsmc_bi_logo.png\",\"contentUrl\":\"https:\\\/\\\/www.hsmc.ae\\\/wp-content\\\/uploads\\\/2020\\\/01\\\/hsmc_bi_logo.png\",\"width\":185,\"height\":98,\"caption\":\"Harley Street Medical Centre\"},\"image\":{\"@id\":\"https:\\\/\\\/www.hsmc.ae\\\/es\\\/#\\\/schema\\\/logo\\\/image\\\/\"},\"sameAs\":[\"https:\\\/\\\/www.facebook.com\\\/HarleyStreetMedicalCenter\\\/\",\"https:\\\/\\\/x.com\\\/hsmcabudhabi\",\"https:\\\/\\\/www.instagram.com\\\/harleystreetmedicalcentre\\\/\",\"https:\\\/\\\/www.linkedin.com\\\/company\\\/harley-street-medical-centre\",\"https:\\\/\\\/www.youtube.com\\\/channel\\\/UCKyL_Q0O0htprx1SB0tqqCA\"]}]}<\/script>\n<!-- \/ Yoast SEO plugin. -->","yoast_head_json":{"title":"Footer | Harley Street Medical Centre","robots":{"index":"index","follow":"follow","max-snippet":"max-snippet:-1","max-image-preview":"max-image-preview:large","max-video-preview":"max-video-preview:-1"},"canonical":"https:\/\/www.hsmc.ae\/es\/footer\/","og_locale":"es_ES","og_type":"article","og_title":"Footer | Harley Street Medical Centre","og_url":"https:\/\/www.hsmc.ae\/es\/footer\/","og_site_name":"Harley Street Medical Centre","article_publisher":"https:\/\/www.facebook.com\/HarleyStreetMedicalCenter\/","article_modified_time":"2026-03-23T11:21:21+00:00","og_image":[{"width":200,"height":200,"url":"https:\/\/www.hsmc.ae\/wp-content\/uploads\/2023\/03\/Harley-Street-Abu-Dhabi-JCI.png","type":"image\/png"}],"twitter_card":"summary_large_image","twitter_site":"@hsmcabudhabi","twitter_misc":{"Tiempo de lectura":"1 minuto"},"schema":{"@context":"https:\/\/schema.org","@graph":[{"@type":"WebPage","@id":"https:\/\/www.hsmc.ae\/es\/footer\/","url":"https:\/\/www.hsmc.ae\/es\/footer\/","name":"Footer | Harley Street Medical Centre","isPartOf":{"@id":"https:\/\/www.hsmc.ae\/es\/#website"},"primaryImageOfPage":{"@id":"https:\/\/www.hsmc.ae\/es\/footer\/#primaryimage"},"image":{"@id":"https:\/\/www.hsmc.ae\/es\/footer\/#primaryimage"},"thumbnailUrl":"https:\/\/www.hsmc.ae\/wp-content\/uploads\/2023\/03\/Harley-Street-Abu-Dhabi-JCI.png","datePublished":"2018-03-15T08:41:52+00:00","dateModified":"2026-03-23T11:21:21+00:00","breadcrumb":{"@id":"https:\/\/www.hsmc.ae\/es\/footer\/#breadcrumb"},"inLanguage":"es","potentialAction":[{"@type":"ReadAction","target":["https:\/\/www.hsmc.ae\/es\/footer\/"]}]},{"@type":"ImageObject","inLanguage":"es","@id":"https:\/\/www.hsmc.ae\/es\/footer\/#primaryimage","url":"https:\/\/www.hsmc.ae\/wp-content\/uploads\/2023\/03\/Harley-Street-Abu-Dhabi-JCI.png","contentUrl":"https:\/\/www.hsmc.ae\/wp-content\/uploads\/2023\/03\/Harley-Street-Abu-Dhabi-JCI.png"},{"@type":"BreadcrumbList","@id":"https:\/\/www.hsmc.ae\/es\/footer\/#breadcrumb","itemListElement":[{"@type":"ListItem","position":1,"name":"Home","item":"https:\/\/www.hsmc.ae\/es\/"},{"@type":"ListItem","position":2,"name":"Footer"}]},{"@type":"WebSite","@id":"https:\/\/www.hsmc.ae\/es\/#website","url":"https:\/\/www.hsmc.ae\/es\/","name":"Harley Street Medical Centre","description":"The Name You Know. The Doctors You Trust.","publisher":{"@id":"https:\/\/www.hsmc.ae\/es\/#organization"},"potentialAction":[{"@type":"SearchAction","target":{"@type":"EntryPoint","urlTemplate":"https:\/\/www.hsmc.ae\/es\/?s={search_term_string}"},"query-input":{"@type":"PropertyValueSpecification","valueRequired":true,"valueName":"search_term_string"}}],"inLanguage":"es"},{"@type":"Organization","@id":"https:\/\/www.hsmc.ae\/es\/#organization","name":"Harley Street Medical Centre","url":"https:\/\/www.hsmc.ae\/es\/","logo":{"@type":"ImageObject","inLanguage":"es","@id":"https:\/\/www.hsmc.ae\/es\/#\/schema\/logo\/image\/","url":"https:\/\/www.hsmc.ae\/wp-content\/uploads\/2020\/01\/hsmc_bi_logo.png","contentUrl":"https:\/\/www.hsmc.ae\/wp-content\/uploads\/2020\/01\/hsmc_bi_logo.png","width":185,"height":98,"caption":"Harley Street Medical Centre"},"image":{"@id":"https:\/\/www.hsmc.ae\/es\/#\/schema\/logo\/image\/"},"sameAs":["https:\/\/www.facebook.com\/HarleyStreetMedicalCenter\/","https:\/\/x.com\/hsmcabudhabi","https:\/\/www.instagram.com\/harleystreetmedicalcentre\/","https:\/\/www.linkedin.com\/company\/harley-street-medical-centre","https:\/\/www.youtube.com\/channel\/UCKyL_Q0O0htprx1SB0tqqCA"]}]}},"_links":{"self":[{"href":"https:\/\/www.hsmc.ae\/es\/wp-json\/wp\/v2\/pages\/17027","targetHints":{"allow":["GET"]}}],"collection":[{"href":"https:\/\/www.hsmc.ae\/es\/wp-json\/wp\/v2\/pages"}],"about":[{"href":"https:\/\/www.hsmc.ae\/es\/wp-json\/wp\/v2\/types\/page"}],"author":[{"embeddable":true,"href":"https:\/\/www.hsmc.ae\/es\/wp-json\/wp\/v2\/users\/1"}],"replies":[{"embeddable":true,"href":"https:\/\/www.hsmc.ae\/es\/wp-json\/wp\/v2\/comments?post=17027"}],"version-history":[{"count":10,"href":"https:\/\/www.hsmc.ae\/es\/wp-json\/wp\/v2\/pages\/17027\/revisions"}],"predecessor-version":[{"id":25654,"href":"https:\/\/www.hsmc.ae\/es\/wp-json\/wp\/v2\/pages\/17027\/revisions\/25654"}],"wp:attachment":[{"href":"https:\/\/www.hsmc.ae\/es\/wp-json\/wp\/v2\/media?parent=17027"}],"curies":[{"name":"wp","href":"https:\/\/api.w.org\/{rel}","templated":true}]}}